{"id":2574,"date":"2018-10-01T12:01:56","date_gmt":"2018-10-01T16:01:56","guid":{"rendered":"http:\/\/haiti-observateur.ca\/?page_id=2574"},"modified":"2021-10-29T18:35:00","modified_gmt":"2021-10-29T18:35:00","slug":"media","status":"publish","type":"page","link":"https:\/\/haiti-observateur.news\/?page_id=2574","title":{"rendered":"M\u00e9dia"},"content":{"rendered":"<header class=\"entry-header\">\n<h1 class=\"entry-title\">M\u00e9dia<\/h1>\n<\/header>\n<div class=\"entry-content\">\n<p><strong>Courrier International<\/strong><\/p>\n<ul>\n<li>Comme les autres titres destin\u00e9s \u00e0 la diaspora ha\u00eftienne, Fond\u00e9 en 1971\u00a0<em>Ha\u00efti Observateur<\/em>\u00a0est \u00e9dit\u00e9 aux Etats-Unis.\n<ul>\n<li><a href=\"https:\/\/www.courrierinternational.com\/notule-source\/haiti-observateur\">Sa ligne \u00e9ditoriale est proche de Marc Bazin, le rival malheureux du p\u00e8re Aristide lors des \u00e9lections de d\u00e9cembre\u00a01990.<\/a><\/li>\n<\/ul>\n<\/li>\n<li>Wikip\u00e9dia\n<ul>\n<li><a href=\"https:\/\/en.wikipedia.org\/wiki\/Ha%C3%AFti_Observateur\">weekly newspaper Ha\u00efti-Observateur<\/a><\/li>\n<\/ul>\n<\/li>\n<li>Quelques heures apr\u00e8s le s\u00e9isme qui a touch\u00e9 Ha\u00efti le 12 janvier, l\u2019hebdomadaire constate les premiers d\u00e9g\u00e2ts dans la capitale\n<ul>\n<li><a href=\"https:\/\/www.courrierinternational.com\/une\/2010\/01\/13\/premier-bilan\">premier bilan post s\u00e9isme 2010<\/a><\/li>\n<\/ul>\n<\/li>\n<li><a href=\"https:\/\/www.nysun.com\/new-york\/seeking-a-cure-for-cynicism-try-raymond-josephs\/88995\/\">Seeking a cure for Cynicism ?<\/a>\u00a0\/ New-York Sun \/ by\u00a0<a href=\"https:\/\/en.wikipedia.org\/wiki\/Seth_Lipsky\">Seth Lipsky<\/a>\n<ul>\n<li>Ray Joseph \/ \u00ab\u00a0<a href=\"https:\/\/www.nysun.com\/new-york\/seeking-a-cure-for-cynicism-try-raymond-josephs\/88995\/\">For whom the dogs spy<\/a>\u00a0\u00bb<\/li>\n<li><a href=\"https:\/\/commons.wikimedia.org\/wiki\/File:Raymond_Joseph,_Haiti%27s_Ambassador_to_the_U.S.,_kisses_the_hand_of_First_Lady_Michelle_Obama,_2010.jpg\">Wikim\u00e9dia Commons \u00ab kisses the hands ofthe first lady Michelle Obama \u00bb<\/a><\/li>\n<li><a href=\"https:\/\/en.wikipedia.org\/wiki\/Raymond_Joseph\">Raymond Alcide Joseph<\/a>\u00a0\/ Wikip\u00e9dia<\/li>\n<li><a href=\"https:\/\/washdiplomat.com\/index.php?option=com_content&amp;view=article&amp;id=6548:-doll-from-haiti-&amp;catid=987:march-2008&amp;Itemid=270\">Ray Joseph ; The Washington Diplomat \/ Doll from Haiti<\/a><\/li>\n<\/ul>\n<\/li>\n<li><a href=\"https:\/\/nypost.com\/2015\/01\/07\/lessons-in-liberty-from-a-great-haitian-journalist\/amp\/\">Lessons in liberty from a great Haitian journalist<\/a>\n<ul>\n<li><a href=\"https:\/\/thenypost.files.wordpress.com\/2015\/01\/obama-8.jpg?quality=90&amp;strip=all&amp;w=978\">Raymond Joseph;<\/a>\u00a0\u2013\u00a0<a href=\"https:\/\/wiki2.org\/en\/Raymond_Joseph\">3<\/a>\u00a0\u2013<\/li>\n<\/ul>\n<\/li>\n<\/ul>\n<hr \/>\n<div style=\"width: 430px\" class=\"wp-caption aligncenter\"><a href=\"https:\/\/commons.wikimedia.org\/wiki\/File:Raymond_Joseph,_Haiti%27s_Ambassador_to_the_U.S.,_kisses_the_hand_of_First_Lady_Michelle_Obama,_2010.jpg\"><img loading=\"lazy\" decoding=\"async\" src=\"http:\/\/haiti-observateur.news\/wp-content\/uploads\/2018\/10\/obama-9-768x512-1.jpg\" alt=\"\" width=\"420\" height=\"280\" \/><\/a><p class=\"wp-caption-text\">kisses the hands of the first lady<\/p><\/div>\n<div style=\"width: 428px\" class=\"wp-caption aligncenter\"><a href=\"https:\/\/nypost.com\/2015\/01\/07\/lessons-in-liberty-from-a-great-haitian-journalist\/amp\/\"><img loading=\"lazy\" decoding=\"async\" src=\"https:\/\/thenypost.files.wordpress.com\/2015\/01\/obama-8.jpg?quality=90&amp;strip=all&amp;w=978\" alt=\"\" width=\"418\" height=\"279\" \/><\/a><p class=\"wp-caption-text\">Raymond Joseph \/ New-York Post, janvier 2015<\/p><\/div>\n<hr \/>\n<p><a href=\"https:\/\/www.nysun.com\/editorials\/a-tribune-of-democracy-for-interim-president\/91700\/\">https:\/\/www.nysun.com\/editorials\/a-tribune-of-democracy-for-interim-president\/91700\/<\/a><\/div>\n<p>&nbsp;<\/p>\n","protected":false},"excerpt":{"rendered":"<p>M\u00e9dia Courrier International Comme les autres titres destin\u00e9s \u00e0 la diaspora ha\u00eftienne, Fond\u00e9 en 1971\u00a0Ha\u00efti Observateur\u00a0est \u00e9dit\u00e9 aux Etats-Unis. Sa ligne \u00e9ditoriale est proche de Marc Bazin, le rival malheureux du p\u00e8re Aristide lors des \u00e9lections de d\u00e9cembre\u00a01990. Wikip\u00e9dia weekly&#8230; <\/p>\n","protected":false},"author":1,"featured_media":2078,"parent":17,"menu_order":0,"comment_status":"closed","ping_status":"closed","template":"home-layout-classic.php","meta":{"footnotes":""},"class_list":["post-2574","page","type-page","status-publish","has-post-thumbnail","hentry"],"_links":{"self":[{"href":"https:\/\/haiti-observateur.news\/index.php?rest_route=\/wp\/v2\/pages\/2574","targetHints":{"allow":["GET"]}}],"collection":[{"href":"https:\/\/haiti-observateur.news\/index.php?rest_route=\/wp\/v2\/pages"}],"about":[{"href":"https:\/\/haiti-observateur.news\/index.php?rest_route=\/wp\/v2\/types\/page"}],"author":[{"embeddable":true,"href":"https:\/\/haiti-observateur.news\/index.php?rest_route=\/wp\/v2\/users\/1"}],"replies":[{"embeddable":true,"href":"https:\/\/haiti-observateur.news\/index.php?rest_route=%2Fwp%2Fv2%2Fcomments&post=2574"}],"version-history":[{"count":3,"href":"https:\/\/haiti-observateur.news\/index.php?rest_route=\/wp\/v2\/pages\/2574\/revisions"}],"predecessor-version":[{"id":7512,"href":"https:\/\/haiti-observateur.news\/index.php?rest_route=\/wp\/v2\/pages\/2574\/revisions\/7512"}],"up":[{"embeddable":true,"href":"https:\/\/haiti-observateur.news\/index.php?rest_route=\/wp\/v2\/pages\/17"}],"wp:featuredmedia":[{"embeddable":true,"href":"https:\/\/haiti-observateur.news\/index.php?rest_route=\/"}],"wp:attachment":[{"href":"https:\/\/haiti-observateur.news\/index.php?rest_route=%2Fwp%2Fv2%2Fmedia&parent=2574"}],"curies":[{"name":"wp","href":"https:\/\/api.w.org\/{rel}","templated":true}]}}